{"id":2275,"date":"2021-08-19T20:55:34","date_gmt":"2021-08-19T20:55:34","guid":{"rendered":"https:\/\/contrapesouruguay.org\/?page_id=2275"},"modified":"2021-09-08T21:04:13","modified_gmt":"2021-09-08T21:04:13","slug":"preguntas-frecuentes","status":"publish","type":"page","link":"https:\/\/contrapesouruguay.org\/index.php\/preguntas-frecuentes\/","title":{"rendered":"Preguntas frecuentes"},"content":{"rendered":"\t\t<div data-elementor-type=\"wp-page\" data-elementor-id=\"2275\" class=\"elementor elementor-2275\">\n\t\t\t\t\t\t<section class=\"elementor-section elementor-top-section elementor-element elementor-element-b75b441 elementor-section-boxed elementor-section-height-default elementor-section-height-default\" data-id=\"b75b441\" data-element_type=\"section\" data-e-type=\"section\">\n\t\t\t\t\t\t<div class=\"elementor-container elementor-column-gap-default\">\n\t\t\t\t\t<div class=\"elementor-column elementor-col-100 elementor-top-column elementor-element elementor-element-16edeb0\" data-id=\"16edeb0\" data-element_type=\"column\" data-e-type=\"column\">\n\t\t\t<div class=\"elementor-widget-wrap elementor-element-populated\">\n\t\t\t\t\t\t<div class=\"elementor-element elementor-element-27ec930 elementor-widget elementor-widget-qi_addons_for_elementor_faq\" data-id=\"27ec930\" data-element_type=\"widget\" data-e-type=\"widget\" data-widget_type=\"qi_addons_for_elementor_faq.default\">\n\t\t\t\t<div class=\"elementor-widget-container\">\n\t\t\t\t\t<div class=\"qodef-shortcode qodef-m qodef-qi-faq qodef-qi-clear qodef-behavior--accordion qodef-layout--simple qodef-style--standard\">\n\t<h3 class=\"qodef-e-title-holder\">\n\t<span class=\"qodef-e-title\">\n\t\t\t\t\u00bfQu\u00e9 es la obesidad?\t<\/span>\n\t\t<span class=\"qodef-e-mark\">\n\t\t<span class=\"qodef-icon--plus\">\n\t\t\t\t<span class=\"qodef-e-icon\">\n\t\t<i aria-hidden=\"true\" class=\"fas fa-plus\"><\/i>\t<\/span>\n\t\t\t<\/span>\n\t\t<span class=\"qodef-icon--minus\">\n\t\t\t\t<span class=\"qodef-e-icon\">\n\t\t<i aria-hidden=\"true\" class=\"fas fa-minus\"><\/i>\t<\/span>\n\t\t\t<\/span>\n\t<\/span>\n\t<\/h3>\n<div class=\"qodef-e-content\">\n\t<div class=\"qodef-e-content-inner\">\n\t\t<p><span>La obesidad es una enfermedad que ocurre cuando una persona tiene un peso muy por encima de lo que se considera saludable. <\/span><\/p><p><span>Este peso extra puede causar una tensi\u00f3n extra en el cuerpo y las complicaciones de salud graves pueden surgir si el tratamiento no se solicita y el peso no se pierde. <\/span><\/p><p><span>Hay numerosos factores que pueden conducir a la obesidad, pero la causa m\u00e1s com\u00fan es un estilo de vida sedentario combinado con la mala alimentaci\u00f3n y falta de ejercicio.<\/span><\/p>\t<\/div>\n<\/div>\n<h3 class=\"qodef-e-title-holder\">\n\t<span class=\"qodef-e-title\">\n\t\t\t\t\u00bfHay alguna diferencia entre el sobrepeso y la obesidad?\t<\/span>\n\t\t<span class=\"qodef-e-mark\">\n\t\t<span class=\"qodef-icon--plus\">\n\t\t\t\t<span class=\"qodef-e-icon\">\n\t\t<i aria-hidden=\"true\" class=\"fas fa-plus\"><\/i>\t<\/span>\n\t\t\t<\/span>\n\t\t<span class=\"qodef-icon--minus\">\n\t\t\t\t<span class=\"qodef-e-icon\">\n\t\t<i aria-hidden=\"true\" class=\"fas fa-minus\"><\/i>\t<\/span>\n\t\t\t<\/span>\n\t<\/span>\n\t<\/h3>\n<div class=\"qodef-e-content\">\n\t<div class=\"qodef-e-content-inner\">\n\t\t<p><span>S\u00ed. Los m\u00e9dicos utilizan una escala llamada \u00edndice de masa corporal (IMC) para ayudar en el diagn\u00f3stico de la obesidad. Este \u00edndice calcula la masa corporal en relaci\u00f3n a la altura y el peso. Un \u00edndice de masa corporal que se considera saludable estar\u00e1 entre 18,5 y 24,9.\u00a0<\/span><br \/><span><br \/><\/span><span><\/span><span>Si el IMC es superior a 24.9 pero inferior a 30, entonces se considera que se tiene sobrepeso y se aconseja tomar medidas para evitar convertirse en obesos.\u00a0<\/span><br \/><span><br \/><\/span><span><\/span><span>Si el IMC es superior a 30, entonces se clasifican como obesos.<\/span><\/p>\t<\/div>\n<\/div>\n<h3 class=\"qodef-e-title-holder\">\n\t<span class=\"qodef-e-title\">\n\t\t\t\t\u00bfQui\u00e9n puede llegar a ser obeso?\t<\/span>\n\t\t<span class=\"qodef-e-mark\">\n\t\t<span class=\"qodef-icon--plus\">\n\t\t\t\t<span class=\"qodef-e-icon\">\n\t\t<i aria-hidden=\"true\" class=\"fas fa-plus\"><\/i>\t<\/span>\n\t\t\t<\/span>\n\t\t<span class=\"qodef-icon--minus\">\n\t\t\t\t<span class=\"qodef-e-icon\">\n\t\t<i aria-hidden=\"true\" class=\"fas fa-minus\"><\/i>\t<\/span>\n\t\t\t<\/span>\n\t<\/span>\n\t<\/h3>\n<div class=\"qodef-e-content\">\n\t<div class=\"qodef-e-content-inner\">\n\t\t<p><span>Potencialmente, cualquier persona puede convertirse en obeso. <\/span><\/p><p><span>Sin embargo, ciertos grupos de personas estar\u00e1n m\u00e1s inclinados a la condici\u00f3n que otros, dependiendo de ciertos factores gen\u00e9ticos, m\u00e9dicos y ambientales. <\/span><\/p><p><span>Las personas que tienen\u00a0<b>una mala dieta y no hacen ejercicio con regularidad<\/b>\u00a0son mucho m\u00e1s propensos a ser obesos que los que comen de forma saludable y hacen ejercicio.<\/span><\/p>\t<\/div>\n<\/div>\n<h3 class=\"qodef-e-title-holder\">\n\t<span class=\"qodef-e-title\">\n\t\t\t\t\u00bfQu\u00e9 causa la obesidad?\t<\/span>\n\t\t<span class=\"qodef-e-mark\">\n\t\t<span class=\"qodef-icon--plus\">\n\t\t\t\t<span class=\"qodef-e-icon\">\n\t\t<i aria-hidden=\"true\" class=\"fas fa-plus\"><\/i>\t<\/span>\n\t\t\t<\/span>\n\t\t<span class=\"qodef-icon--minus\">\n\t\t\t\t<span class=\"qodef-e-icon\">\n\t\t<i aria-hidden=\"true\" class=\"fas fa-minus\"><\/i>\t<\/span>\n\t\t\t<\/span>\n\t<\/span>\n\t<\/h3>\n<div class=\"qodef-e-content\">\n\t<div class=\"qodef-e-content-inner\">\n\t\t<p><span>La obesidad es generalmente el resultado de la mala alimentaci\u00f3n y la falta de ejercicio, ya que esto hace que el cuerpo asuma m\u00e1s calor\u00edas de las que se puede quemar, lo que lleva a una acumulaci\u00f3n de grasa. <\/span><\/p><p><span>El sedentarismo puede contribuir a este problema. Hay condiciones m\u00e9dicas que tambi\u00e9n pueden causar que algunas personas tengan sobrepeso u obesidad, como el hipotiroidismo, el s\u00edndrome de ovario poliqu\u00edstico y el s\u00edndrome de Cushing.\u00a0<\/span><\/p>\t<\/div>\n<\/div>\n<h3 class=\"qodef-e-title-holder\">\n\t<span class=\"qodef-e-title\">\n\t\t\t\t\u00bfLa obesidad es peligrosa?\t<\/span>\n\t\t<span class=\"qodef-e-mark\">\n\t\t<span class=\"qodef-icon--plus\">\n\t\t\t\t<span class=\"qodef-e-icon\">\n\t\t<i aria-hidden=\"true\" class=\"fas fa-plus\"><\/i>\t<\/span>\n\t\t\t<\/span>\n\t\t<span class=\"qodef-icon--minus\">\n\t\t\t\t<span class=\"qodef-e-icon\">\n\t\t<i aria-hidden=\"true\" class=\"fas fa-minus\"><\/i>\t<\/span>\n\t\t\t<\/span>\n\t<\/span>\n\t<\/h3>\n<div class=\"qodef-e-content\">\n\t<div class=\"qodef-e-content-inner\">\n\t\t<p><span>La obesidad se considera que es una condici\u00f3n peligrosa debido a su capacidad para dar lugar a un gran n\u00famero de problemas de salud muy serios, tales como varios tipos de c\u00e1ncer, colesterol alto, enfermedades cardiovasculares, diabetes tipo 2 y la hipertensi\u00f3n arterial. <\/span><\/p><p><span>Otros problemas que pueden surgir como consecuencia de la obesidad incluyen la depresi\u00f3n, el acn\u00e9, c\u00e1lculos biliares, la ansiedad social y problemas al caminar o correr.<\/span><\/p>\t<\/div>\n<\/div>\n<h3 class=\"qodef-e-title-holder\">\n\t<span class=\"qodef-e-title\">\n\t\t\t\t\u00bfQu\u00e9 opciones de tratamiento existen para la obesidad?\t<\/span>\n\t\t<span class=\"qodef-e-mark\">\n\t\t<span class=\"qodef-icon--plus\">\n\t\t\t\t<span class=\"qodef-e-icon\">\n\t\t<i aria-hidden=\"true\" class=\"fas fa-plus\"><\/i>\t<\/span>\n\t\t\t<\/span>\n\t\t<span class=\"qodef-icon--minus\">\n\t\t\t\t<span class=\"qodef-e-icon\">\n\t\t<i aria-hidden=\"true\" class=\"fas fa-minus\"><\/i>\t<\/span>\n\t\t\t<\/span>\n\t<\/span>\n\t<\/h3>\n<div class=\"qodef-e-content\">\n\t<div class=\"qodef-e-content-inner\">\n\t\t<p><span>Casi todo el mundo que recibe un diagn\u00f3stico de obesidad se recomienda hacer primero una serie de cambios en el estilo de vida antes de intentar cualquier forma de tratamiento m\u00e9dico. Esto es porque, para la mayor\u00eda de las personas, seguir una dieta saludable y comenzar un r\u00e9gimen de ejercicio regular ser\u00e1 todo lo que necesita para perder peso de forma saludable y permanente.\u00a0<\/span><br \/><span><br \/><\/span><span><\/span><span>Como los resultados pueden tardar alg\u00fan tiempo en hacerse visible, a menudo es dif\u00edcil mantener la motivaci\u00f3n, y por esta raz\u00f3n muchas personas encuentran alg\u00fan tipo de grupo de apoyo \u00fatil. Si estos cambios se llevan a cabo, pero no producen resultados, se puede prescribir un medicamento con receta para ayudar a producir resultados efectivos.<\/span><\/p>\t<\/div>\n<\/div>\n<\/div>\n\t<script type=\"application\/ld+json\">{\"@context\":\"https:\\\/\\\/schema.org\",\"@type\":\"FAQPage\",\"mainEntity\":[{\"@type\":\"Question\",\"name\":\"\\u00bfQu\\u00e9 es la obesidad?\",\"acceptedAnswer\":{\"@type\":\"Answer\",\"text\":\"<p><span>La obesidad es una enfermedad que ocurre cuando una persona tiene un peso muy por encima de lo que se considera saludable. <\\\/span><\\\/p><p><span>Este peso extra puede causar una tensi\\u00f3n extra en el cuerpo y las complicaciones de salud graves pueden surgir si el tratamiento no se solicita y el peso no se pierde. <\\\/span><\\\/p><p><span>Hay numerosos factores que pueden conducir a la obesidad, pero la causa m\\u00e1s com\\u00fan es un estilo de vida sedentario combinado con la mala alimentaci\\u00f3n y falta de ejercicio.<\\\/span><\\\/p>\"}},{\"@type\":\"Question\",\"name\":\"\\u00bfHay alguna diferencia entre el sobrepeso y la obesidad?\",\"acceptedAnswer\":{\"@type\":\"Answer\",\"text\":\"<p><span>S\\u00ed. Los m\\u00e9dicos utilizan una escala llamada \\u00edndice de masa corporal (IMC) para ayudar en el diagn\\u00f3stico de la obesidad. Este \\u00edndice calcula la masa corporal en relaci\\u00f3n a la altura y el peso. Un \\u00edndice de masa corporal que se considera saludable estar\\u00e1 entre 18,5 y 24,9.\\u00a0<\\\/span><br \\\/><span><br \\\/><\\\/span><span><\\\/span><span>Si el IMC es superior a 24.9 pero inferior a 30, entonces se considera que se tiene sobrepeso y se aconseja tomar medidas para evitar convertirse en obesos.\\u00a0<\\\/span><br \\\/><span><br \\\/><\\\/span><span><\\\/span><span>Si el IMC es superior a 30, entonces se clasifican como obesos.<\\\/span><\\\/p>\"}},{\"@type\":\"Question\",\"name\":\"\\u00bfQui\\u00e9n puede llegar a ser obeso?\",\"acceptedAnswer\":{\"@type\":\"Answer\",\"text\":\"<p><span>Potencialmente, cualquier persona puede convertirse en obeso. <\\\/span><\\\/p><p><span>Sin embargo, ciertos grupos de personas estar\\u00e1n m\\u00e1s inclinados a la condici\\u00f3n que otros, dependiendo de ciertos factores gen\\u00e9ticos, m\\u00e9dicos y ambientales. <\\\/span><\\\/p><p><span>Las personas que tienen\\u00a0<b>una mala dieta y no hacen ejercicio con regularidad<\\\/b>\\u00a0son mucho m\\u00e1s propensos a ser obesos que los que comen de forma saludable y hacen ejercicio.<\\\/span><\\\/p>\"}},{\"@type\":\"Question\",\"name\":\"\\u00bfQu\\u00e9 causa la obesidad?\",\"acceptedAnswer\":{\"@type\":\"Answer\",\"text\":\"<p><span>La obesidad es generalmente el resultado de la mala alimentaci\\u00f3n y la falta de ejercicio, ya que esto hace que el cuerpo asuma m\\u00e1s calor\\u00edas de las que se puede quemar, lo que lleva a una acumulaci\\u00f3n de grasa. <\\\/span><\\\/p><p><span>El sedentarismo puede contribuir a este problema. Hay condiciones m\\u00e9dicas que tambi\\u00e9n pueden causar que algunas personas tengan sobrepeso u obesidad, como el hipotiroidismo, el s\\u00edndrome de ovario poliqu\\u00edstico y el s\\u00edndrome de Cushing.\\u00a0<\\\/span><\\\/p>\"}},{\"@type\":\"Question\",\"name\":\"\\u00bfLa obesidad es peligrosa?\",\"acceptedAnswer\":{\"@type\":\"Answer\",\"text\":\"<p><span>La obesidad se considera que es una condici\\u00f3n peligrosa debido a su capacidad para dar lugar a un gran n\\u00famero de problemas de salud muy serios, tales como varios tipos de c\\u00e1ncer, colesterol alto, enfermedades cardiovasculares, diabetes tipo 2 y la hipertensi\\u00f3n arterial. <\\\/span><\\\/p><p><span>Otros problemas que pueden surgir como consecuencia de la obesidad incluyen la depresi\\u00f3n, el acn\\u00e9, c\\u00e1lculos biliares, la ansiedad social y problemas al caminar o correr.<\\\/span><\\\/p>\"}},{\"@type\":\"Question\",\"name\":\"\\u00bfQu\\u00e9 opciones de tratamiento existen para la obesidad?\",\"acceptedAnswer\":{\"@type\":\"Answer\",\"text\":\"<p><span>Casi todo el mundo que recibe un diagn\\u00f3stico de obesidad se recomienda hacer primero una serie de cambios en el estilo de vida antes de intentar cualquier forma de tratamiento m\\u00e9dico. Esto es porque, para la mayor\\u00eda de las personas, seguir una dieta saludable y comenzar un r\\u00e9gimen de ejercicio regular ser\\u00e1 todo lo que necesita para perder peso de forma saludable y permanente.\\u00a0<\\\/span><br \\\/><span><br \\\/><\\\/span><span><\\\/span><span>Como los resultados pueden tardar alg\\u00fan tiempo en hacerse visible, a menudo es dif\\u00edcil mantener la motivaci\\u00f3n, y por esta raz\\u00f3n muchas personas encuentran alg\\u00fan tipo de grupo de apoyo \\u00fatil. Si estos cambios se llevan a cabo, pero no producen resultados, se puede prescribir un medicamento con receta para ayudar a producir resultados efectivos.<\\\/span><\\\/p>\"}}]}<\/script>\n\t\t\t\t<\/div>\n\t\t\t\t<\/div>\n\t\t\t\t\t<\/div>\n\t\t<\/div>\n\t\t\t\t\t<\/div>\n\t\t<\/section>\n\t\t\t\t<\/div>\n\t\t","protected":false},"excerpt":{"rendered":"<p>\u00bfQu\u00e9 es la obesidad? La obesidad es una enfermedad que ocurre cuando una persona tiene un peso muy por encima de lo que se considera saludable. Este peso extra puede causar una tensi\u00f3n extra en el cuerpo y las complicaciones de salud graves pueden surgir si el tratamiento no se [&hellip;]<\/p>\n","protected":false},"author":1,"featured_media":2001,"parent":0,"menu_order":0,"comment_status":"closed","ping_status":"closed","template":"","meta":{"footnotes":""},"class_list":["post-2275","page","type-page","status-publish","has-post-thumbnail","hentry"],"_links":{"self":[{"href":"https:\/\/contrapesouruguay.org\/index.php\/wp-json\/wp\/v2\/pages\/2275","targetHints":{"allow":["GET"]}}],"collection":[{"href":"https:\/\/contrapesouruguay.org\/index.php\/wp-json\/wp\/v2\/pages"}],"about":[{"href":"https:\/\/contrapesouruguay.org\/index.php\/wp-json\/wp\/v2\/types\/page"}],"author":[{"embeddable":true,"href":"https:\/\/contrapesouruguay.org\/index.php\/wp-json\/wp\/v2\/users\/1"}],"replies":[{"embeddable":true,"href":"https:\/\/contrapesouruguay.org\/index.php\/wp-json\/wp\/v2\/comments?post=2275"}],"version-history":[{"count":10,"href":"https:\/\/contrapesouruguay.org\/index.php\/wp-json\/wp\/v2\/pages\/2275\/revisions"}],"predecessor-version":[{"id":2545,"href":"https:\/\/contrapesouruguay.org\/index.php\/wp-json\/wp\/v2\/pages\/2275\/revisions\/2545"}],"wp:featuredmedia":[{"embeddable":true,"href":"https:\/\/contrapesouruguay.org\/index.php\/wp-json\/wp\/v2\/media\/2001"}],"wp:attachment":[{"href":"https:\/\/contrapesouruguay.org\/index.php\/wp-json\/wp\/v2\/media?parent=2275"}],"curies":[{"name":"wp","href":"https:\/\/api.w.org\/{rel}","templated":true}]}}