{"id":2588,"date":"2021-09-09T13:24:47","date_gmt":"2021-09-09T13:24:47","guid":{"rendered":"https:\/\/contrapesouruguay.org\/?page_id=2588"},"modified":"2021-09-09T13:29:42","modified_gmt":"2021-09-09T13:29:42","slug":"acuerdo-internacional","status":"publish","type":"page","link":"https:\/\/contrapesouruguay.org\/index.php\/acuerdo-internacional\/","title":{"rendered":"Acuerdo internacional"},"content":{"rendered":"\t\t<div data-elementor-type=\"wp-page\" data-elementor-id=\"2588\" class=\"elementor elementor-2588\">\n\t\t\t\t\t\t<section class=\"elementor-section elementor-top-section elementor-element elementor-element-a684197 elementor-section-boxed elementor-section-height-default elementor-section-height-default\" data-id=\"a684197\" data-element_type=\"section\" data-e-type=\"section\">\n\t\t\t\t\t\t<div class=\"elementor-container elementor-column-gap-default\">\n\t\t\t\t\t<div class=\"elementor-column elementor-col-100 elementor-top-column elementor-element elementor-element-89c694d\" data-id=\"89c694d\" data-element_type=\"column\" data-e-type=\"column\">\n\t\t\t<div class=\"elementor-widget-wrap elementor-element-populated\">\n\t\t\t\t\t\t<div class=\"elementor-element elementor-element-0fb0764 elementor-widget elementor-widget-image\" data-id=\"0fb0764\" data-element_type=\"widget\" data-e-type=\"widget\" data-widget_type=\"image.default\">\n\t\t\t\t<div class=\"elementor-widget-container\">\n\t\t\t\t\t\t\t\t\t\t\t\t\t\t\t<img fetchpriority=\"high\" decoding=\"async\" width=\"300\" height=\"300\" src=\"https:\/\/contrapesouruguay.org\/wp-content\/uploads\/2021\/09\/mercosur-300x300.png\" class=\"attachment-medium size-medium wp-image-2590\" alt=\"\" srcset=\"https:\/\/contrapesouruguay.org\/wp-content\/uploads\/2021\/09\/mercosur-300x300.png 300w, https:\/\/contrapesouruguay.org\/wp-content\/uploads\/2021\/09\/mercosur-150x150.png 150w, https:\/\/contrapesouruguay.org\/wp-content\/uploads\/2021\/09\/mercosur.png 512w\" sizes=\"(max-width: 300px) 100vw, 300px\" \/>\t\t\t\t\t\t\t\t\t\t\t\t\t\t\t<\/div>\n\t\t\t\t<\/div>\n\t\t\t\t\t<\/div>\n\t\t<\/div>\n\t\t\t\t\t<\/div>\n\t\t<\/section>\n\t\t\t\t<section class=\"elementor-section elementor-top-section elementor-element elementor-element-3bd8c6c elementor-section-boxed elementor-section-height-default elementor-section-height-default\" data-id=\"3bd8c6c\" data-element_type=\"section\" data-e-type=\"section\">\n\t\t\t\t\t\t<div class=\"elementor-container elementor-column-gap-default\">\n\t\t\t\t\t<div class=\"elementor-column elementor-col-100 elementor-top-column elementor-element elementor-element-3aada1b\" data-id=\"3aada1b\" data-element_type=\"column\" data-e-type=\"column\">\n\t\t\t<div class=\"elementor-widget-wrap elementor-element-populated\">\n\t\t\t\t\t\t<div class=\"elementor-element elementor-element-1b476e3 elementor-widget elementor-widget-text-editor\" data-id=\"1b476e3\" data-element_type=\"widget\" data-e-type=\"widget\" data-widget_type=\"text-editor.default\">\n\t\t\t\t<div class=\"elementor-widget-container\">\n\t\t\t\t\t\t\t\t\t<h4 data-original-attrs=\"{\" :=\"\"><span data-keep-original-tag=\"false\" data-original-attrs=\"{\" :=\"\" face=\"\" arial=\"\" helvetica=\"\" sans-serif=\"\">Acuerdo 02-13 Obesidad<\/span><\/h4><div data-original-attrs=\"{\" :=\"\"><span data-keep-original-tag=\"false\" data-original-attrs=\"{\" :=\"\" face=\"\" arial=\"\" helvetica=\"\" sans-serif=\"\">Invitaci\u00f3n\u00a0a Ministros del\u00a0\u00e1rea<\/span><span data-keep-original-tag=\"false\" data-original-attrs=\"{\" :=\"\" face=\"\" arial=\"\" helvetica=\"\" sans-serif=\"\">\u00a0social a tomar acciones para combatir\u00a0la\u00a0obesidad.<\/span><\/div><div data-original-attrs=\"{\" :=\"\"><span data-keep-original-tag=\"false\" data-original-attrs=\"{\" :=\"\" face=\"\" arial=\"\" helvetica=\"\" sans-serif=\"\">\u00a0<\/span><\/div><div data-original-attrs=\"{\" :=\"\"><span data-keep-original-tag=\"false\" data-original-attrs=\"{\" :=\"\" face=\"\" arial=\"\" helvetica=\"\" sans-serif=\"\">Invitaci\u00f3n a los Ministros del \u00e1rea social a apoyar acciones de promoci\u00f3n de salud para combatir el sostenido aumento de la obesidad y otras enfermedades cr\u00f3nicas no transmisibles.<\/span><\/div><div data-original-attrs=\"{\" :=\"\">\u00a0 \u00a0<\/div><div data-original-attrs=\"{\" :=\"\" style=\"text-align: right;\"><a href=\"http:\/\/www.mateina.com.uy\/clientes\/omss\/sites\/default\/files\/Acuerdo%2002-13_Invitacion%20a%20Ministros%20del%20area%20social%20a%20tomar%20acciones%20para%20combatir%20la%20obesidad_ESP.pdf\">Para leer acuerdo en PDF (Haga click aqu\u00ed)<\/a><\/div>\t\t\t\t\t\t\t\t<\/div>\n\t\t\t\t<\/div>\n\t\t\t\t\t<\/div>\n\t\t<\/div>\n\t\t\t\t\t<\/div>\n\t\t<\/section>\n\t\t\t\t<\/div>\n\t\t","protected":false},"excerpt":{"rendered":"<p>Acuerdo 02-13 Obesidad Invitaci\u00f3n\u00a0a Ministros del\u00a0\u00e1rea\u00a0social a tomar acciones para combatir\u00a0la\u00a0obesidad.\u00a0Invitaci\u00f3n a los Ministros del \u00e1rea social a apoyar acciones de promoci\u00f3n de salud para combatir el sostenido aumento de la obesidad y otras enfermedades cr\u00f3nicas no transmisibles.\u00a0 \u00a0Para leer acuerdo en PDF (Haga click aqu\u00ed)<\/p>\n","protected":false},"author":1,"featured_media":0,"parent":0,"menu_order":0,"comment_status":"closed","ping_status":"closed","template":"","meta":{"footnotes":""},"class_list":["post-2588","page","type-page","status-publish","hentry"],"_links":{"self":[{"href":"https:\/\/contrapesouruguay.org\/index.php\/wp-json\/wp\/v2\/pages\/2588","targetHints":{"allow":["GET"]}}],"collection":[{"href":"https:\/\/contrapesouruguay.org\/index.php\/wp-json\/wp\/v2\/pages"}],"about":[{"href":"https:\/\/contrapesouruguay.org\/index.php\/wp-json\/wp\/v2\/types\/page"}],"author":[{"embeddable":true,"href":"https:\/\/contrapesouruguay.org\/index.php\/wp-json\/wp\/v2\/users\/1"}],"replies":[{"embeddable":true,"href":"https:\/\/contrapesouruguay.org\/index.php\/wp-json\/wp\/v2\/comments?post=2588"}],"version-history":[{"count":10,"href":"https:\/\/contrapesouruguay.org\/index.php\/wp-json\/wp\/v2\/pages\/2588\/revisions"}],"predecessor-version":[{"id":2600,"href":"https:\/\/contrapesouruguay.org\/index.php\/wp-json\/wp\/v2\/pages\/2588\/revisions\/2600"}],"wp:attachment":[{"href":"https:\/\/contrapesouruguay.org\/index.php\/wp-json\/wp\/v2\/media?parent=2588"}],"curies":[{"name":"wp","href":"https:\/\/api.w.org\/{rel}","templated":true}]}}