{"id":2641,"date":"2021-09-09T14:05:04","date_gmt":"2021-09-09T14:05:04","guid":{"rendered":"https:\/\/contrapesouruguay.org\/?page_id=2641"},"modified":"2021-09-09T14:12:14","modified_gmt":"2021-09-09T14:12:14","slug":"los-actores-necesarios","status":"publish","type":"page","link":"https:\/\/contrapesouruguay.org\/index.php\/los-actores-necesarios\/","title":{"rendered":"Los actores necesarios"},"content":{"rendered":"\t\t<div data-elementor-type=\"wp-page\" data-elementor-id=\"2641\" class=\"elementor elementor-2641\">\n\t\t\t\t\t\t<section class=\"elementor-section elementor-top-section elementor-element elementor-element-e51a8c3 elementor-section-boxed elementor-section-height-default elementor-section-height-default\" data-id=\"e51a8c3\" data-element_type=\"section\" data-e-type=\"section\">\n\t\t\t\t\t\t<div class=\"elementor-container elementor-column-gap-default\">\n\t\t\t\t\t<div class=\"elementor-column elementor-col-100 elementor-top-column elementor-element elementor-element-361c0d0\" data-id=\"361c0d0\" data-element_type=\"column\" data-e-type=\"column\">\n\t\t\t<div class=\"elementor-widget-wrap elementor-element-populated\">\n\t\t\t\t\t\t<div class=\"elementor-element elementor-element-c1bbc02 elementor-widget elementor-widget-image\" data-id=\"c1bbc02\" data-element_type=\"widget\" data-e-type=\"widget\" data-widget_type=\"image.default\">\n\t\t\t\t<div class=\"elementor-widget-container\">\n\t\t\t\t\t\t\t\t\t\t\t\t\t\t\t<img fetchpriority=\"high\" decoding=\"async\" width=\"600\" height=\"211\" src=\"https:\/\/contrapesouruguay.org\/wp-content\/uploads\/2021\/08\/estudiando.png\" class=\"attachment-medium_large size-medium_large wp-image-1999\" alt=\"\" srcset=\"https:\/\/contrapesouruguay.org\/wp-content\/uploads\/2021\/08\/estudiando.png 600w, https:\/\/contrapesouruguay.org\/wp-content\/uploads\/2021\/08\/estudiando-300x106.png 300w\" sizes=\"(max-width: 600px) 100vw, 600px\" \/>\t\t\t\t\t\t\t\t\t\t\t\t\t\t\t<\/div>\n\t\t\t\t<\/div>\n\t\t\t\t\t<\/div>\n\t\t<\/div>\n\t\t\t\t\t<\/div>\n\t\t<\/section>\n\t\t\t\t<section class=\"elementor-section elementor-top-section elementor-element elementor-element-1b7cda3 elementor-section-boxed elementor-section-height-default elementor-section-height-default\" data-id=\"1b7cda3\" data-element_type=\"section\" data-e-type=\"section\">\n\t\t\t\t\t\t<div class=\"elementor-container elementor-column-gap-default\">\n\t\t\t\t\t<div class=\"elementor-column elementor-col-100 elementor-top-column elementor-element elementor-element-c75ae1c\" data-id=\"c75ae1c\" data-element_type=\"column\" data-e-type=\"column\">\n\t\t\t<div class=\"elementor-widget-wrap elementor-element-populated\">\n\t\t\t\t\t\t<div class=\"elementor-element elementor-element-f270dc5 elementor-widget elementor-widget-text-editor\" data-id=\"f270dc5\" data-element_type=\"widget\" data-e-type=\"widget\" data-widget_type=\"text-editor.default\">\n\t\t\t\t<div class=\"elementor-widget-container\">\n\t\t\t\t\t\t\t\t\t<h4 data-original-attrs=\"{\" style=\"text-align: center;\" :=\"\"><span data-keep-original-tag=\"false\" data-original-attrs=\"{\" :=\"\" face=\"\" arial=\"\" helvetica=\"\" sans-serif=\"\">Responsabilidades de los actores<\/span><\/h4><div data-original-attrs=\"{\" :=\"\"><span data-keep-original-tag=\"false\" data-original-attrs=\"{\" :=\"\" face=\"\" arial=\"\" helvetica=\"\" sans-serif=\"\">Para cambiar los <strong>h\u00e1bitos alimentarios<\/strong> y de <strong>actividad f\u00edsica<\/strong> ser\u00e1n necesarios los esfuerzos combinados de muchas partes interesadas, p\u00fablicas y privadas, durante varios decenios. <\/span><\/div><div data-original-attrs=\"{\" :=\"\"><span data-keep-original-tag=\"false\" data-original-attrs=\"{\" :=\"\" face=\"\" arial=\"\" helvetica=\"\" sans-serif=\"\">\u00a0 \u00a0<br \/>Se necesita la combinaci\u00f3n de acciones racionales y eficaces a nivel mundial, regional, nacional y local, as\u00ed como un atento seguimiento y evaluaci\u00f3n de sus repercusiones<\/span><\/div><div data-original-attrs=\"{\" :=\"\">\u00a0 \u00a0\u00a0<\/div><div data-original-attrs=\"{\" :=\"\"><div data-original-attrs=\"{\" :=\"\"><span data-keep-original-tag=\"false\" data-original-attrs=\"{\" :=\"\" face=\"\" arial=\"\" helvetica=\"\" sans-serif=\"\">La <strong>Estrategia Mundial de la OMS<\/strong>\u00a0describe las responsabilidades de las partes implicadas y hace recomendaciones sobre la actuaci\u00f3n de los principales interesados, tales como:<\/span><\/div><p><span data-keep-original-tag=\"false\" data-original-attrs=\"{\" :=\"\" face=\"\" arial=\"\" helvetica=\"\" sans-serif=\"\"><\/span><\/p><\/div><div data-original-attrs=\"{\" :=\"\"><div data-original-attrs=\"{\" :=\"\"><span data-keep-original-tag=\"false\" data-original-attrs=\"{\" style=\"font-size: xx-small;\" :=\"\" face=\"\" arial=\"\" helvetica=\"\" sans-serif=\"\">\u00a0<\/span><\/div><\/div><ul><li><div data-original-attrs=\"{\" :=\"\"><span data-keep-original-tag=\"false\" data-original-attrs=\"{\" :=\"\" face=\"\" arial=\"\" helvetica=\"\" sans-serif=\"\">Los Estados Miembros<\/span><\/div><\/li><li><div data-original-attrs=\"{\" :=\"\"><span data-keep-original-tag=\"false\" data-original-attrs=\"{\" :=\"\" face=\"\" arial=\"\" helvetica=\"\" sans-serif=\"\">La OMS<\/span><\/div><\/li><li><div data-original-attrs=\"{\" :=\"\"><span data-keep-original-tag=\"false\" data-original-attrs=\"{\" :=\"\" face=\"\" arial=\"\" helvetica=\"\" sans-serif=\"\">Los asociados internacionales<\/span><\/div><\/li><li><div data-original-attrs=\"{\" :=\"\"><span data-keep-original-tag=\"false\" data-original-attrs=\"{\" :=\"\" face=\"\" arial=\"\" helvetica=\"\" sans-serif=\"\"><b><u>La sociedad civil y las organizaciones no gubernamentales<\/u><\/b><\/span><\/div><\/li><li data-original-attrs=\"{\" :=\"\"><span data-keep-original-tag=\"false\" data-original-attrs=\"{\" :=\"\" face=\"\" arial=\"\" helvetica=\"\" sans-serif=\"\">El sector privado<\/span><\/li><\/ul>\t\t\t\t\t\t\t\t<\/div>\n\t\t\t\t<\/div>\n\t\t\t\t\t<\/div>\n\t\t<\/div>\n\t\t\t\t\t<\/div>\n\t\t<\/section>\n\t\t\t\t<section class=\"elementor-section elementor-top-section elementor-element elementor-element-53f2308 elementor-section-boxed elementor-section-height-default elementor-section-height-default\" data-id=\"53f2308\" data-element_type=\"section\" data-e-type=\"section\">\n\t\t\t\t\t\t<div class=\"elementor-container elementor-column-gap-default\">\n\t\t\t\t\t<div class=\"elementor-column elementor-col-100 elementor-top-column elementor-element elementor-element-f25195e\" data-id=\"f25195e\" data-element_type=\"column\" data-e-type=\"column\">\n\t\t\t<div class=\"elementor-widget-wrap elementor-element-populated\">\n\t\t\t\t\t\t<div class=\"elementor-element elementor-element-7c335db elementor-widget elementor-widget-image\" data-id=\"7c335db\" data-element_type=\"widget\" data-e-type=\"widget\" data-widget_type=\"image.default\">\n\t\t\t\t<div class=\"elementor-widget-container\">\n\t\t\t\t\t\t\t\t\t\t\t\t\t\t\t<img decoding=\"async\" width=\"600\" height=\"211\" src=\"https:\/\/contrapesouruguay.org\/wp-content\/uploads\/2021\/08\/declara.png\" class=\"attachment-medium_large size-medium_large wp-image-2000\" alt=\"\" srcset=\"https:\/\/contrapesouruguay.org\/wp-content\/uploads\/2021\/08\/declara.png 600w, https:\/\/contrapesouruguay.org\/wp-content\/uploads\/2021\/08\/declara-300x106.png 300w\" sizes=\"(max-width: 600px) 100vw, 600px\" \/>\t\t\t\t\t\t\t\t\t\t\t\t\t\t\t<\/div>\n\t\t\t\t<\/div>\n\t\t\t\t\t<\/div>\n\t\t<\/div>\n\t\t\t\t\t<\/div>\n\t\t<\/section>\n\t\t\t\t<section class=\"elementor-section elementor-top-section elementor-element elementor-element-0e83189 elementor-section-boxed elementor-section-height-default elementor-section-height-default\" data-id=\"0e83189\" data-element_type=\"section\" data-e-type=\"section\">\n\t\t\t\t\t\t<div class=\"elementor-container elementor-column-gap-default\">\n\t\t\t\t\t<div class=\"elementor-column elementor-col-100 elementor-top-column elementor-element elementor-element-4260d8d\" data-id=\"4260d8d\" data-element_type=\"column\" data-e-type=\"column\">\n\t\t\t<div class=\"elementor-widget-wrap elementor-element-populated\">\n\t\t\t\t\t\t<div class=\"elementor-element elementor-element-8de62f8 elementor-widget elementor-widget-text-editor\" data-id=\"8de62f8\" data-element_type=\"widget\" data-e-type=\"widget\" data-widget_type=\"text-editor.default\">\n\t\t\t\t<div class=\"elementor-widget-container\">\n\t\t\t\t\t\t\t\t\t<div data-original-attrs=\"{&quot;style&quot;:&quot;&quot;}\"><div data-original-attrs=\"{&quot;style&quot;:&quot;&quot;}\" style=\"text-align: center;\"><span data-keep-original-tag=\"false\" data-original-attrs=\"{&quot;style&quot;:&quot;&quot;,&quot;face&quot;:&quot;Arial, Helvetica, sans-serif&quot;}\">En Uruguay ya se est\u00e1n llevando adelante grandes avances con la vigente ley 19.140 de :<\/span><\/div><\/div><h5 data-original-attrs=\"{&quot;style&quot;:&quot;&quot;}\" style=\"text-align: center;\"><span data-keep-original-tag=\"false\" data-original-attrs=\"{&quot;style&quot;:&quot;&quot;,&quot;face&quot;:&quot;Arial, Helvetica, sans-serif&quot;}\"><b>\u201cALIMENTACI\u00d3N SALUDABLE EN LOS CENTROS DE ENSE\u00d1ANZA\u201c<\/b><\/span><\/h5><div data-original-attrs=\"{&quot;style&quot;:&quot;&quot;}\"><span data-keep-original-tag=\"false\" data-original-attrs=\"{&quot;style&quot;:&quot;&quot;,&quot;face&quot;:&quot;Arial, Helvetica, sans-serif&quot;}\">La Ley N\u00b0\u00a0<span data-keep-original-tag=\"false\" data-original-attrs=\"{&quot;style&quot;:&quot;&quot;}\" style=\"font-size: x-large;\">19.140<\/span>\u00a0tiene la finalidad de proteger la salud de la poblaci\u00f3n infantil y adolescente que asiste a establecimientos escolares y de Educaci\u00f3n Media, p\u00fablicos y privados, a trav\u00e9s de la promoci\u00f3n de h\u00e1bitos alimenticios saludables en el \u00e1mbito educativo.<\/span><\/div><div data-original-attrs=\"{&quot;style&quot;:&quot;&quot;}\"><span data-keep-original-tag=\"false\" data-original-attrs=\"{&quot;style&quot;:&quot;&quot;,&quot;face&quot;:&quot;Arial, Helvetica, sans-serif&quot;}\">\u00a0<\/span><\/div><div data-original-attrs=\"{&quot;style&quot;:&quot;&quot;}\"><span data-keep-original-tag=\"false\" data-original-attrs=\"{&quot;style&quot;:&quot;&quot;,&quot;face&quot;:&quot;Arial, Helvetica, sans-serif&quot;}\">De este modo, pretende contribuir -actuando sobre los factores de riesgo- en la prevenci\u00f3n del sobrepeso y la obesidad, la hipertensi\u00f3n arterial, as\u00ed como en el abatimiento de las enfermedades cr\u00f3nicas no trasmisibles vinculadas a los mismos.<\/span><\/div><div data-original-attrs=\"{&quot;style&quot;:&quot;&quot;}\"><span data-keep-original-tag=\"false\" data-original-attrs=\"{&quot;style&quot;:&quot;&quot;,&quot;face&quot;:&quot;Arial, Helvetica, sans-serif&quot;}\">\u00a0<\/span><\/div><div data-original-attrs=\"{&quot;style&quot;:&quot;&quot;}\"><span data-keep-original-tag=\"false\" data-original-attrs=\"{&quot;style&quot;:&quot;&quot;,&quot;face&quot;:&quot;Arial, Helvetica, sans-serif&quot;}\">En ese sentido, la norma prev\u00e9 la ejecuci\u00f3n de acciones tendientes a mejorar el estado nutricional de ni\u00f1os, ni\u00f1as y adolescentes que asisten a centros educativos p\u00fablicos y privados \u00a0y promover h\u00e1bitos alimentarios saludables en toda la poblaci\u00f3n, desde la propia infancia.<\/span><\/div><div data-original-attrs=\"{&quot;style&quot;:&quot;&quot;}\"><span data-keep-original-tag=\"false\" data-original-attrs=\"{&quot;style&quot;:&quot;&quot;,&quot;face&quot;:&quot;Arial, Helvetica, sans-serif&quot;}\">\u00a0<\/span><\/div><div data-original-attrs=\"{&quot;style&quot;:&quot;&quot;}\"><span data-keep-original-tag=\"false\" data-original-attrs=\"{&quot;style&quot;:&quot;&quot;,&quot;face&quot;:&quot;Arial, Helvetica, sans-serif&quot;}\">Tambi\u00e9n est\u00e1 orientado a favorecer que los alumnos que concurren a estos establecimientos tengan la posibilidad de incorporar a sus h\u00e1bitos, alimentos y bebidas nutritivamente adecuados, estableciendo que los mismos est\u00e9n disponibles en cantinas y quioscos que se encuentren dentro de los locales educativos.<\/span><\/div>\t\t\t\t\t\t\t\t<\/div>\n\t\t\t\t<\/div>\n\t\t\t\t\t<\/div>\n\t\t<\/div>\n\t\t\t\t\t<\/div>\n\t\t<\/section>\n\t\t\t\t<\/div>\n\t\t","protected":false},"excerpt":{"rendered":"<p>Responsabilidades de los actores Para cambiar los h\u00e1bitos alimentarios y de actividad f\u00edsica ser\u00e1n necesarios los esfuerzos combinados de muchas partes interesadas, p\u00fablicas y privadas, durante varios decenios. \u00a0 \u00a0Se necesita la combinaci\u00f3n de acciones racionales y eficaces a nivel mundial, regional, nacional y local, as\u00ed como un atento seguimiento [&hellip;]<\/p>\n","protected":false},"author":1,"featured_media":0,"parent":0,"menu_order":0,"comment_status":"closed","ping_status":"closed","template":"","meta":{"footnotes":""},"class_list":["post-2641","page","type-page","status-publish","hentry"],"_links":{"self":[{"href":"https:\/\/contrapesouruguay.org\/index.php\/wp-json\/wp\/v2\/pages\/2641","targetHints":{"allow":["GET"]}}],"collection":[{"href":"https:\/\/contrapesouruguay.org\/index.php\/wp-json\/wp\/v2\/pages"}],"about":[{"href":"https:\/\/contrapesouruguay.org\/index.php\/wp-json\/wp\/v2\/types\/page"}],"author":[{"embeddable":true,"href":"https:\/\/contrapesouruguay.org\/index.php\/wp-json\/wp\/v2\/users\/1"}],"replies":[{"embeddable":true,"href":"https:\/\/contrapesouruguay.org\/index.php\/wp-json\/wp\/v2\/comments?post=2641"}],"version-history":[{"count":7,"href":"https:\/\/contrapesouruguay.org\/index.php\/wp-json\/wp\/v2\/pages\/2641\/revisions"}],"predecessor-version":[{"id":2649,"href":"https:\/\/contrapesouruguay.org\/index.php\/wp-json\/wp\/v2\/pages\/2641\/revisions\/2649"}],"wp:attachment":[{"href":"https:\/\/contrapesouruguay.org\/index.php\/wp-json\/wp\/v2\/media?parent=2641"}],"curies":[{"name":"wp","href":"https:\/\/api.w.org\/{rel}","templated":true}]}}