{"id":2700,"date":"2021-09-09T18:05:51","date_gmt":"2021-09-09T18:05:51","guid":{"rendered":"https:\/\/contrapesouruguay.org\/?page_id=2700"},"modified":"2021-09-09T18:13:22","modified_gmt":"2021-09-09T18:13:22","slug":"elementor-2700","status":"publish","type":"page","link":"https:\/\/contrapesouruguay.org\/index.php\/elementor-2700\/","title":{"rendered":"El camino a seguir"},"content":{"rendered":"\t\t<div data-elementor-type=\"wp-page\" data-elementor-id=\"2700\" class=\"elementor elementor-2700\">\n\t\t\t\t\t\t<section class=\"elementor-section elementor-top-section elementor-element elementor-element-4cf3d45 elementor-section-boxed elementor-section-height-default elementor-section-height-default\" data-id=\"4cf3d45\" data-element_type=\"section\" data-e-type=\"section\">\n\t\t\t\t\t\t<div class=\"elementor-container elementor-column-gap-default\">\n\t\t\t\t\t<div class=\"elementor-column elementor-col-100 elementor-top-column elementor-element elementor-element-a8e32e3\" data-id=\"a8e32e3\" data-element_type=\"column\" data-e-type=\"column\">\n\t\t\t<div class=\"elementor-widget-wrap elementor-element-populated\">\n\t\t\t\t\t\t<div class=\"elementor-element elementor-element-22bfd38 elementor-widget elementor-widget-image\" data-id=\"22bfd38\" data-element_type=\"widget\" data-e-type=\"widget\" data-widget_type=\"image.default\">\n\t\t\t\t<div class=\"elementor-widget-container\">\n\t\t\t\t\t\t\t\t\t\t\t\t\t\t\t<img fetchpriority=\"high\" decoding=\"async\" width=\"207\" height=\"300\" src=\"https:\/\/contrapesouruguay.org\/wp-content\/uploads\/2021\/09\/app3-207x300.jpg\" class=\"attachment-medium size-medium wp-image-2702\" alt=\"\" srcset=\"https:\/\/contrapesouruguay.org\/wp-content\/uploads\/2021\/09\/app3-207x300.jpg 207w, https:\/\/contrapesouruguay.org\/wp-content\/uploads\/2021\/09\/app3.jpg 221w\" sizes=\"(max-width: 207px) 100vw, 207px\" \/>\t\t\t\t\t\t\t\t\t\t\t\t\t\t\t<\/div>\n\t\t\t\t<\/div>\n\t\t\t\t\t<\/div>\n\t\t<\/div>\n\t\t\t\t\t<\/div>\n\t\t<\/section>\n\t\t\t\t<section class=\"elementor-section elementor-top-section elementor-element elementor-element-4ac2220 elementor-section-boxed elementor-section-height-default elementor-section-height-default\" data-id=\"4ac2220\" data-element_type=\"section\" data-e-type=\"section\">\n\t\t\t\t\t\t<div class=\"elementor-container elementor-column-gap-default\">\n\t\t\t\t\t<div class=\"elementor-column elementor-col-100 elementor-top-column elementor-element elementor-element-beeba26\" data-id=\"beeba26\" data-element_type=\"column\" data-e-type=\"column\">\n\t\t\t<div class=\"elementor-widget-wrap elementor-element-populated\">\n\t\t\t\t\t\t<div class=\"elementor-element elementor-element-f1931c0 elementor-widget elementor-widget-text-editor\" data-id=\"f1931c0\" data-element_type=\"widget\" data-e-type=\"widget\" data-widget_type=\"text-editor.default\">\n\t\t\t\t<div class=\"elementor-widget-container\">\n\t\t\t\t\t\t\t\t\t<p><span data-keep-original-tag=\"false\" data-original-attrs=\"{&quot;style&quot;:&quot;&quot;,&quot;face&quot;:&quot;\\&quot;arial\\&quot; , \\&quot;helvetica\\&quot; , sans-serif&quot;}\">Para llegar a los ni\u00f1os entendimos que lo mejor es:<\/span><\/p><ul><li><span data-keep-original-tag=\"false\" data-original-attrs=\"{&quot;style&quot;:&quot;&quot;,&quot;face&quot;:&quot;\\&quot;arial\\&quot; , \\&quot;helvetica\\&quot; , sans-serif&quot;}\">Buscar referentes famosos, a los que ellos respeten e idolatren en algunos casos. Deportistas famosos, gente de medios, entre otros.<\/span><\/li><li><span data-keep-original-tag=\"false\" data-original-attrs=\"{&quot;style&quot;:&quot;&quot;,&quot;face&quot;:&quot;\\&quot;arial\\&quot; , \\&quot;helvetica\\&quot; , sans-serif&quot;}\">Usar campa\u00f1as multimedios para llegar a ellos. Medios tradicionales (TV, revistas, etc.) y nuevas redes sociales.<\/span><\/li><li><span data-keep-original-tag=\"false\" data-original-attrs=\"{&quot;style&quot;:&quot;&quot;,&quot;face&quot;:&quot;\\&quot;arial\\&quot; , \\&quot;helvetica\\&quot; , sans-serif&quot;}\">Utilizar una herramienta que los haga protagonistas del plan y que les permita influenciar positivamente en los h\u00e1bitos ya existentes en sus adultos responsables.<\/span><\/li><\/ul><div><span data-keep-original-tag=\"false\" data-original-attrs=\"{&quot;style&quot;:&quot;&quot;,&quot;face&quot;:&quot;\\&quot;arial\\&quot; , \\&quot;helvetica\\&quot; , sans-serif&quot;}\" style=\"font-size: x-large;\"><b>La simplicidad del Sem\u00e1foro<\/b><\/span><\/div><div><span data-keep-original-tag=\"false\" data-original-attrs=\"{&quot;style&quot;:&quot;&quot;,&quot;face&quot;:&quot;\\&quot;arial\\&quot; , \\&quot;helvetica\\&quot; , sans-serif&quot;}\"><\/span><span data-keep-original-tag=\"false\" data-original-attrs=\"{&quot;style&quot;:&quot;&quot;,&quot;face&quot;:&quot;\\&quot;arial\\&quot; , \\&quot;helvetica\\&quot; , sans-serif&quot;}\"><\/span><br \/><div><span data-keep-original-tag=\"false\" data-original-attrs=\"{&quot;style&quot;:&quot;&quot;,&quot;face&quot;:&quot;\\&quot;arial\\&quot; , \\&quot;helvetica\\&quot; , sans-serif&quot;}\">Siguiendo con nuestro foco de llegar hacia los ni\u00f1os.<\/span><\/div><span data-keep-original-tag=\"false\" data-original-attrs=\"{&quot;style&quot;:&quot;&quot;,&quot;face&quot;:&quot;\\&quot;arial\\&quot; , \\&quot;helvetica\\&quot; , sans-serif&quot;}\"><\/span><br \/><div><span data-keep-original-tag=\"false\" data-original-attrs=\"{&quot;style&quot;:&quot;&quot;,&quot;face&quot;:&quot;\\&quot;arial\\&quot; , \\&quot;helvetica\\&quot; , sans-serif&quot;}\">El concepto simple del sem\u00e1foro parece un recomendable camino a seguir.<\/span><\/div><span data-keep-original-tag=\"false\" data-original-attrs=\"{&quot;style&quot;:&quot;&quot;,&quot;face&quot;:&quot;\\&quot;arial\\&quot; , \\&quot;helvetica\\&quot; , sans-serif&quot;}\"><\/span><br \/><div><ul><li>Simplificaremos la informaci\u00f3n nutricional de los diferentes productos<\/li><li>Lograremos que el mensaje llegue hasta los ni\u00f1os<\/li><li>Incluso a partir de los cuatro o cinco a\u00f1os, antes de que empiecen a leer y escribir<\/li><li>Utilizaremos un sistema de se\u00f1alizaci\u00f3n universal:<span>\u00a0<\/span><b>el sem\u00e1foro<\/b><\/li><\/ul><\/div><\/div>\t\t\t\t\t\t\t\t<\/div>\n\t\t\t\t<\/div>\n\t\t\t\t\t<\/div>\n\t\t<\/div>\n\t\t\t\t\t<\/div>\n\t\t<\/section>\n\t\t\t\t<section class=\"elementor-section elementor-top-section elementor-element elementor-element-679e7d2 elementor-section-boxed elementor-section-height-default elementor-section-height-default\" data-id=\"679e7d2\" data-element_type=\"section\" data-e-type=\"section\">\n\t\t\t\t\t\t<div class=\"elementor-container elementor-column-gap-default\">\n\t\t\t\t\t<div class=\"elementor-column elementor-col-100 elementor-top-column elementor-element elementor-element-ec0a29c\" data-id=\"ec0a29c\" data-element_type=\"column\" data-e-type=\"column\">\n\t\t\t<div class=\"elementor-widget-wrap elementor-element-populated\">\n\t\t\t\t\t\t<div class=\"elementor-element elementor-element-689cdfc elementor-widget elementor-widget-image\" data-id=\"689cdfc\" data-element_type=\"widget\" data-e-type=\"widget\" data-widget_type=\"image.default\">\n\t\t\t\t<div class=\"elementor-widget-container\">\n\t\t\t\t\t\t\t\t\t\t\t\t\t\t\t<img decoding=\"async\" width=\"300\" height=\"151\" src=\"https:\/\/contrapesouruguay.org\/wp-content\/uploads\/2021\/09\/celularsemaforobase-300x151.png\" class=\"attachment-medium size-medium wp-image-2707\" alt=\"\" srcset=\"https:\/\/contrapesouruguay.org\/wp-content\/uploads\/2021\/09\/celularsemaforobase-300x151.png 300w, https:\/\/contrapesouruguay.org\/wp-content\/uploads\/2021\/09\/celularsemaforobase.png 400w\" sizes=\"(max-width: 300px) 100vw, 300px\" \/>\t\t\t\t\t\t\t\t\t\t\t\t\t\t\t<\/div>\n\t\t\t\t<\/div>\n\t\t\t\t\t<\/div>\n\t\t<\/div>\n\t\t\t\t\t<\/div>\n\t\t<\/section>\n\t\t\t\t<section class=\"elementor-section elementor-top-section elementor-element elementor-element-5dfaefd elementor-section-boxed elementor-section-height-default elementor-section-height-default\" data-id=\"5dfaefd\" data-element_type=\"section\" data-e-type=\"section\">\n\t\t\t\t\t\t<div class=\"elementor-container elementor-column-gap-default\">\n\t\t\t\t\t<div class=\"elementor-column elementor-col-100 elementor-top-column elementor-element elementor-element-b223295\" data-id=\"b223295\" data-element_type=\"column\" data-e-type=\"column\">\n\t\t\t<div class=\"elementor-widget-wrap elementor-element-populated\">\n\t\t\t\t\t\t<div class=\"elementor-element elementor-element-e2bd561 elementor-widget elementor-widget-text-editor\" data-id=\"e2bd561\" data-element_type=\"widget\" data-e-type=\"widget\" data-widget_type=\"text-editor.default\">\n\t\t\t\t<div class=\"elementor-widget-container\">\n\t\t\t\t\t\t\t\t\t<div><span data-keep-original-tag=\"false\" data-original-attrs=\"{&quot;style&quot;:&quot;&quot;,&quot;face&quot;:&quot;\\&quot;arial\\&quot; , \\&quot;helvetica\\&quot; , sans-serif&quot;}\"><b><span data-keep-original-tag=\"false\" data-original-attrs=\"{&quot;style&quot;:&quot;&quot;}\" style=\"font-size: x-large;\">El Sem\u00e1foro en la mano de cada ni\u00f1o<\/span><\/b><\/span><\/div><p><span data-keep-original-tag=\"false\" data-original-attrs=\"{&quot;style&quot;:&quot;&quot;,&quot;face&quot;:&quot;\\&quot;arial\\&quot; , \\&quot;helvetica\\&quot; , sans-serif&quot;}\"><\/span><span><\/span><\/p><div><span data-keep-original-tag=\"false\" data-original-attrs=\"{&quot;style&quot;:&quot;&quot;,&quot;face&quot;:&quot;\\&quot;arial\\&quot; , \\&quot;helvetica\\&quot; , sans-serif&quot;}\">La estrategia se basa en una aplicaci\u00f3n que podr\u00e1n utilizar en Celulares y tablets (Android, IOS, Windows), \u00a0computadoras de escritorio (Windows, Linux, etc.)<\/span><\/div><p><span data-keep-original-tag=\"false\" data-original-attrs=\"{&quot;style&quot;:&quot;&quot;,&quot;face&quot;:&quot;\\&quot;arial\\&quot; , \\&quot;helvetica\\&quot; , sans-serif&quot;}\"><\/span><span><\/span><\/p><div><span data-keep-original-tag=\"false\" data-original-attrs=\"{&quot;style&quot;:&quot;&quot;,&quot;face&quot;:&quot;\\&quot;arial\\&quot; , \\&quot;helvetica\\&quot; , sans-serif&quot;}\">Entendemos que se puede aplicar la experiencia y \u00e9xito en Ecuador con el concepto de sem\u00e1foro y los cambios en los h\u00e1bitos alimenticios que ya est\u00e1 generando.\u00a0<\/span><\/div><p><span data-keep-original-tag=\"false\" data-original-attrs=\"{&quot;style&quot;:&quot;&quot;,&quot;face&quot;:&quot;\\&quot;arial\\&quot; , \\&quot;helvetica\\&quot; , sans-serif&quot;}\"><\/span><span><\/span><\/p><div><span data-keep-original-tag=\"false\" data-original-attrs=\"{&quot;style&quot;:&quot;&quot;,&quot;face&quot;:&quot;\\&quot;arial\\&quot; , \\&quot;helvetica\\&quot; , sans-serif&quot;}\">\u00a0<\/span><\/div><p><span data-keep-original-tag=\"false\" data-original-attrs=\"{&quot;style&quot;:&quot;&quot;,&quot;face&quot;:&quot;\\&quot;arial\\&quot; , \\&quot;helvetica\\&quot; , sans-serif&quot;}\"><\/span><span><\/span><\/p><div><span data-keep-original-tag=\"false\" data-original-attrs=\"{&quot;style&quot;:&quot;&quot;,&quot;face&quot;:&quot;\\&quot;arial\\&quot; , \\&quot;helvetica\\&quot; , sans-serif&quot;}\">Y le podremos sumar, la experiencia con las ceibalitas en el Uruguay.\u00a0<\/span><\/div><p><span data-keep-original-tag=\"false\" data-original-attrs=\"{&quot;style&quot;:&quot;&quot;,&quot;face&quot;:&quot;\\&quot;arial\\&quot; , \\&quot;helvetica\\&quot; , sans-serif&quot;}\"><\/span><span><\/span><\/p><div><span data-keep-original-tag=\"false\" data-original-attrs=\"{&quot;style&quot;:&quot;&quot;,&quot;face&quot;:&quot;\\&quot;arial\\&quot; , \\&quot;helvetica\\&quot; , sans-serif&quot;}\">\u00a0<\/span><\/div><p><span data-keep-original-tag=\"false\" data-original-attrs=\"{&quot;style&quot;:&quot;&quot;,&quot;face&quot;:&quot;\\&quot;arial\\&quot; , \\&quot;helvetica\\&quot; , sans-serif&quot;}\"><\/span><span><\/span><\/p><div><span data-keep-original-tag=\"false\" data-original-attrs=\"{&quot;style&quot;:&quot;&quot;,&quot;face&quot;:&quot;\\&quot;arial\\&quot; , \\&quot;helvetica\\&quot; , sans-serif&quot;}\">La aceptaci\u00f3n en el entorno familiar y la utilizaci\u00f3n de estas tecnolog\u00edas en hogares y personas que no llegar\u00edan a ellas, no s\u00f3lo por temas econ\u00f3micos, tambi\u00e9n por la lejan\u00eda de cierta parte de la poblaci\u00f3n adulta al uso de las mismas.<\/span><\/div><p><span data-keep-original-tag=\"false\" data-original-attrs=\"{&quot;style&quot;:&quot;&quot;,&quot;face&quot;:&quot;\\&quot;arial\\&quot; , \\&quot;helvetica\\&quot; , sans-serif&quot;}\"><\/span><span><\/span><\/p><div><span data-keep-original-tag=\"false\" data-original-attrs=\"{&quot;style&quot;:&quot;&quot;,&quot;face&quot;:&quot;\\&quot;arial\\&quot; , \\&quot;helvetica\\&quot; , sans-serif&quot;}\">\u00a0<\/span><\/div><p><span data-keep-original-tag=\"false\" data-original-attrs=\"{&quot;style&quot;:&quot;&quot;,&quot;face&quot;:&quot;\\&quot;arial\\&quot; , \\&quot;helvetica\\&quot; , sans-serif&quot;}\"><\/span><span><\/span><\/p><div><span data-keep-original-tag=\"false\" data-original-attrs=\"{&quot;style&quot;:&quot;&quot;,&quot;face&quot;:&quot;\\&quot;arial\\&quot; , \\&quot;helvetica\\&quot; , sans-serif&quot;}\"><span data-keep-original-tag=\"false\" data-original-attrs=\"{&quot;style&quot;:&quot;&quot;}\" style=\"font-size: x-large;\"><b>\u00bfPero, como identificar cada producto?<\/b><\/span><\/span><\/div><p><span data-keep-original-tag=\"false\" data-original-attrs=\"{&quot;style&quot;:&quot;&quot;,&quot;face&quot;:&quot;\\&quot;arial\\&quot; , \\&quot;helvetica\\&quot; , sans-serif&quot;}\"><\/span><span><\/span><\/p><div><span data-keep-original-tag=\"false\" data-original-attrs=\"{&quot;style&quot;:&quot;&quot;,&quot;face&quot;:&quot;\\&quot;arial\\&quot; , \\&quot;helvetica\\&quot; , sans-serif&quot;}\">En la experiencia internacional de etiquetado del packing del producto, la informaci\u00f3n nutricional forma parte de la caja o envase del mismo producto que se eval\u00faa consumir.<br \/>\u00a0\u00a0<\/span><\/div><div><span data-keep-original-tag=\"false\" data-original-attrs=\"{&quot;style&quot;:&quot;&quot;,&quot;face&quot;:&quot;\\&quot;arial\\&quot; , \\&quot;helvetica\\&quot; , sans-serif&quot;}\">Nuestra propuesta es diferente y nos lleva a tener que \u201cunir\u201d la informaci\u00f3n de la aplicaci\u00f3n con cada producto y saber exactamente que producto es.<\/span><\/div><div><span data-keep-original-tag=\"false\" data-original-attrs=\"{&quot;style&quot;:&quot;&quot;,&quot;face&quot;:&quot;\\&quot;arial\\&quot; , \\&quot;helvetica\\&quot; , sans-serif&quot;}\">\u00a0\u00a0<br \/>Afortunadamente, ya existe la soluci\u00f3n a nuestro alcance:<\/span><\/div>\t\t\t\t\t\t\t\t<\/div>\n\t\t\t\t<\/div>\n\t\t\t\t\t<\/div>\n\t\t<\/div>\n\t\t\t\t\t<\/div>\n\t\t<\/section>\n\t\t\t\t<section class=\"elementor-section elementor-top-section elementor-element elementor-element-4c6ccc3 elementor-section-boxed elementor-section-height-default elementor-section-height-default\" data-id=\"4c6ccc3\" data-element_type=\"section\" data-e-type=\"section\">\n\t\t\t\t\t\t<div class=\"elementor-container elementor-column-gap-default\">\n\t\t\t\t\t<div class=\"elementor-column elementor-col-100 elementor-top-column elementor-element elementor-element-f765beb\" data-id=\"f765beb\" data-element_type=\"column\" data-e-type=\"column\">\n\t\t\t<div class=\"elementor-widget-wrap elementor-element-populated\">\n\t\t\t\t\t\t<div class=\"elementor-element elementor-element-c31f7cf elementor-widget elementor-widget-image\" data-id=\"c31f7cf\" data-element_type=\"widget\" data-e-type=\"widget\" data-widget_type=\"image.default\">\n\t\t\t\t<div class=\"elementor-widget-container\">\n\t\t\t\t\t\t\t\t\t\t\t\t<figure class=\"wp-caption\">\n\t\t\t\t\t\t\t\t\t\t<img decoding=\"async\" width=\"300\" height=\"179\" src=\"https:\/\/contrapesouruguay.org\/wp-content\/uploads\/2021\/09\/codigoenpaquete-300x179.jpg\" class=\"attachment-medium size-medium wp-image-2708\" alt=\"\" srcset=\"https:\/\/contrapesouruguay.org\/wp-content\/uploads\/2021\/09\/codigoenpaquete-300x179.jpg 300w, https:\/\/contrapesouruguay.org\/wp-content\/uploads\/2021\/09\/codigoenpaquete.jpg 320w\" sizes=\"(max-width: 300px) 100vw, 300px\" \/>\t\t\t\t\t\t\t\t\t\t\t<figcaption class=\"widget-image-caption wp-caption-text\">El c\u00f3digo de barras es mundialmente utilizado e identifica a la casi totalidad de los productos procesados<\/figcaption>\n\t\t\t\t\t\t\t\t\t\t<\/figure>\n\t\t\t\t\t\t\t\t\t<\/div>\n\t\t\t\t<\/div>\n\t\t\t\t\t<\/div>\n\t\t<\/div>\n\t\t\t\t\t<\/div>\n\t\t<\/section>\n\t\t\t\t<section class=\"elementor-section elementor-top-section elementor-element elementor-element-1011f00 elementor-section-boxed elementor-section-height-default elementor-section-height-default\" data-id=\"1011f00\" data-element_type=\"section\" data-e-type=\"section\">\n\t\t\t\t\t\t<div class=\"elementor-container elementor-column-gap-default\">\n\t\t\t\t\t<div class=\"elementor-column elementor-col-100 elementor-top-column elementor-element elementor-element-739b07e\" data-id=\"739b07e\" data-element_type=\"column\" data-e-type=\"column\">\n\t\t\t<div class=\"elementor-widget-wrap elementor-element-populated\">\n\t\t\t\t\t\t<div class=\"elementor-element elementor-element-fe9b553 elementor-widget elementor-widget-text-editor\" data-id=\"fe9b553\" data-element_type=\"widget\" data-e-type=\"widget\" data-widget_type=\"text-editor.default\">\n\t\t\t\t<div class=\"elementor-widget-container\">\n\t\t\t\t\t\t\t\t\t<p><span data-keep-original-tag=\"false\" data-original-attrs=\"{&quot;style&quot;:&quot;&quot;,&quot;face&quot;:&quot;\\&quot;arial\\&quot; , \\&quot;helvetica\\&quot; , sans-serif&quot;}\">Pr\u00e1cticamente la totalidad de los productos procesados cuentan con c\u00f3digo de barra y nuestra aplicaci\u00f3n contar\u00e1 con una funci\u00f3n de lector de c\u00f3digos de muy f\u00e1cil utilizaci\u00f3n, que funcionar\u00e1 desde la c\u00e1mara de fotos del celular. Es un sistema ya mundialmente utilizado para otros fines y que trabaja a la perfecci\u00f3n.<\/span><br \/><span data-keep-original-tag=\"false\" data-original-attrs=\"{&quot;style&quot;:&quot;&quot;,&quot;face&quot;:&quot;\\&quot;arial\\&quot; , \\&quot;helvetica\\&quot; , sans-serif&quot;}\"><br \/><\/span><span><\/span><span data-keep-original-tag=\"false\" data-original-attrs=\"{&quot;style&quot;:&quot;&quot;,&quot;face&quot;:&quot;\\&quot;arial\\&quot; , \\&quot;helvetica\\&quot; , sans-serif&quot;}\">Autom\u00e1ticamente, la aplicaci\u00f3n buscar\u00e1 la informaci\u00f3n correspondiente al producto deseado y mostrar\u00e1 una informaci\u00f3n sumamente simple:\u00a0<b>Niveles rojos, amarillos o verdes de Calor\u00edas, Az\u00facar, Sal y Grasa<\/b>.<\/span><br \/><span data-keep-original-tag=\"false\" data-original-attrs=\"{&quot;style&quot;:&quot;&quot;,&quot;face&quot;:&quot;\\&quot;arial\\&quot; , \\&quot;helvetica\\&quot; , sans-serif&quot;}\"><br \/><\/span><span><\/span><span data-keep-original-tag=\"false\" data-original-attrs=\"{&quot;style&quot;:&quot;&quot;,&quot;face&quot;:&quot;\\&quot;arial\\&quot; , \\&quot;helvetica\\&quot; , sans-serif&quot;}\">De contar con un solo de esos componentes dentro de la escala de rojo. El sem\u00e1foro figurar\u00e1 con ese color, implicando que el consumo de ese producto debe ser evaluado. No significa que no puede consumirse, indica que no deber\u00eda incluirse (a modo de ejemplo) en una dieta diaria.<\/span><\/p>\t\t\t\t\t\t\t\t<\/div>\n\t\t\t\t<\/div>\n\t\t\t\t\t<\/div>\n\t\t<\/div>\n\t\t\t\t\t<\/div>\n\t\t<\/section>\n\t\t\t\t<section class=\"elementor-section elementor-top-section elementor-element elementor-element-32efdd7 elementor-section-boxed elementor-section-height-default elementor-section-height-default\" data-id=\"32efdd7\" data-element_type=\"section\" data-e-type=\"section\">\n\t\t\t\t\t\t<div class=\"elementor-container elementor-column-gap-default\">\n\t\t\t\t\t<div class=\"elementor-column elementor-col-100 elementor-top-column elementor-element elementor-element-4a38130\" data-id=\"4a38130\" data-element_type=\"column\" data-e-type=\"column\">\n\t\t\t<div class=\"elementor-widget-wrap elementor-element-populated\">\n\t\t\t\t\t\t<div class=\"elementor-element elementor-element-3d72868 elementor-widget elementor-widget-image\" data-id=\"3d72868\" data-element_type=\"widget\" data-e-type=\"widget\" data-widget_type=\"image.default\">\n\t\t\t\t<div class=\"elementor-widget-container\">\n\t\t\t\t\t\t\t\t\t\t\t\t<figure class=\"wp-caption\">\n\t\t\t\t\t\t\t\t\t\t<img loading=\"lazy\" decoding=\"async\" width=\"300\" height=\"151\" src=\"https:\/\/contrapesouruguay.org\/wp-content\/uploads\/2021\/09\/celularsemafoross-300x151.png\" class=\"attachment-medium size-medium wp-image-2709\" alt=\"\" srcset=\"https:\/\/contrapesouruguay.org\/wp-content\/uploads\/2021\/09\/celularsemafoross-300x151.png 300w, https:\/\/contrapesouruguay.org\/wp-content\/uploads\/2021\/09\/celularsemafoross.png 400w\" sizes=\"(max-width: 300px) 100vw, 300px\" \/>\t\t\t\t\t\t\t\t\t\t\t<figcaption class=\"widget-image-caption wp-caption-text\">Ejemplo: Contenido en Calor\u00edas, Grasas saturadas, Sal y Az\u00facar y porcentaje de cada porci\u00f3n con relaci\u00f3n a una dieta diaria recomendada<\/figcaption>\n\t\t\t\t\t\t\t\t\t\t<\/figure>\n\t\t\t\t\t\t\t\t\t<\/div>\n\t\t\t\t<\/div>\n\t\t\t\t\t<\/div>\n\t\t<\/div>\n\t\t\t\t\t<\/div>\n\t\t<\/section>\n\t\t\t\t<\/div>\n\t\t","protected":false},"excerpt":{"rendered":"<p>Para llegar a los ni\u00f1os entendimos que lo mejor es: Buscar referentes famosos, a los que ellos respeten e idolatren en algunos casos. Deportistas famosos, gente de medios, entre otros. Usar campa\u00f1as multimedios para llegar a ellos. Medios tradicionales (TV, revistas, etc.) y nuevas redes sociales. Utilizar una herramienta que [&hellip;]<\/p>\n","protected":false},"author":1,"featured_media":0,"parent":0,"menu_order":0,"comment_status":"closed","ping_status":"closed","template":"","meta":{"footnotes":""},"class_list":["post-2700","page","type-page","status-publish","hentry"],"_links":{"self":[{"href":"https:\/\/contrapesouruguay.org\/index.php\/wp-json\/wp\/v2\/pages\/2700","targetHints":{"allow":["GET"]}}],"collection":[{"href":"https:\/\/contrapesouruguay.org\/index.php\/wp-json\/wp\/v2\/pages"}],"about":[{"href":"https:\/\/contrapesouruguay.org\/index.php\/wp-json\/wp\/v2\/types\/page"}],"author":[{"embeddable":true,"href":"https:\/\/contrapesouruguay.org\/index.php\/wp-json\/wp\/v2\/users\/1"}],"replies":[{"embeddable":true,"href":"https:\/\/contrapesouruguay.org\/index.php\/wp-json\/wp\/v2\/comments?post=2700"}],"version-history":[{"count":7,"href":"https:\/\/contrapesouruguay.org\/index.php\/wp-json\/wp\/v2\/pages\/2700\/revisions"}],"predecessor-version":[{"id":2712,"href":"https:\/\/contrapesouruguay.org\/index.php\/wp-json\/wp\/v2\/pages\/2700\/revisions\/2712"}],"wp:attachment":[{"href":"https:\/\/contrapesouruguay.org\/index.php\/wp-json\/wp\/v2\/media?parent=2700"}],"curies":[{"name":"wp","href":"https:\/\/api.w.org\/{rel}","templated":true}]}}