{"id":2720,"date":"2021-09-09T18:49:04","date_gmt":"2021-09-09T18:49:04","guid":{"rendered":"https:\/\/contrapesouruguay.org\/?page_id=2720"},"modified":"2021-09-09T19:19:45","modified_gmt":"2021-09-09T19:19:45","slug":"objetivos","status":"publish","type":"page","link":"https:\/\/contrapesouruguay.org\/index.php\/objetivos\/","title":{"rendered":"Objetivos"},"content":{"rendered":"\t\t<div data-elementor-type=\"wp-page\" data-elementor-id=\"2720\" class=\"elementor elementor-2720\">\n\t\t\t\t\t\t<section class=\"elementor-section elementor-top-section elementor-element elementor-element-7f6db92 elementor-section-boxed elementor-section-height-default elementor-section-height-default\" data-id=\"7f6db92\" data-element_type=\"section\" data-e-type=\"section\">\n\t\t\t\t\t\t<div class=\"elementor-container elementor-column-gap-default\">\n\t\t\t\t\t<div class=\"elementor-column elementor-col-100 elementor-top-column elementor-element elementor-element-8b1cc84\" data-id=\"8b1cc84\" data-element_type=\"column\" data-e-type=\"column\">\n\t\t\t<div class=\"elementor-widget-wrap elementor-element-populated\">\n\t\t\t\t\t\t<div class=\"elementor-element elementor-element-070741e elementor-widget elementor-widget-image\" data-id=\"070741e\" data-element_type=\"widget\" data-e-type=\"widget\" data-widget_type=\"image.default\">\n\t\t\t\t<div class=\"elementor-widget-container\">\n\t\t\t\t\t\t\t\t\t\t\t\t\t\t\t<img decoding=\"async\" width=\"300\" height=\"106\" src=\"https:\/\/contrapesouruguay.org\/wp-content\/uploads\/2021\/08\/fomentar-300x106.png\" class=\"attachment-medium size-medium wp-image-2001\" alt=\"\" srcset=\"https:\/\/contrapesouruguay.org\/wp-content\/uploads\/2021\/08\/fomentar-300x106.png 300w, https:\/\/contrapesouruguay.org\/wp-content\/uploads\/2021\/08\/fomentar.png 600w\" sizes=\"(max-width: 300px) 100vw, 300px\" \/>\t\t\t\t\t\t\t\t\t\t\t\t\t\t\t<\/div>\n\t\t\t\t<\/div>\n\t\t\t\t\t<\/div>\n\t\t<\/div>\n\t\t\t\t\t<\/div>\n\t\t<\/section>\n\t\t\t\t<section class=\"elementor-section elementor-top-section elementor-element elementor-element-144f889 elementor-section-boxed elementor-section-height-default elementor-section-height-default\" data-id=\"144f889\" data-element_type=\"section\" data-e-type=\"section\">\n\t\t\t\t\t\t<div class=\"elementor-container elementor-column-gap-default\">\n\t\t\t\t\t<div class=\"elementor-column elementor-col-100 elementor-top-column elementor-element elementor-element-b84b9ce\" data-id=\"b84b9ce\" data-element_type=\"column\" data-e-type=\"column\">\n\t\t\t<div class=\"elementor-widget-wrap elementor-element-populated\">\n\t\t\t\t\t\t<div class=\"elementor-element elementor-element-4a24149 elementor-widget elementor-widget-heading\" data-id=\"4a24149\" data-element_type=\"widget\" data-e-type=\"widget\" data-widget_type=\"heading.default\">\n\t\t\t\t<div class=\"elementor-widget-container\">\n\t\t\t\t\t<h2 class=\"elementor-heading-title elementor-size-default\">Objeto social<\/h2>\t\t\t\t<\/div>\n\t\t\t\t<\/div>\n\t\t\t\t<div class=\"elementor-element elementor-element-a1d0981 elementor-widget elementor-widget-text-editor\" data-id=\"a1d0981\" data-element_type=\"widget\" data-e-type=\"widget\" data-widget_type=\"text-editor.default\">\n\t\t\t\t<div class=\"elementor-widget-container\">\n\t\t\t\t\t\t\t\t\t<div data-original-attrs=\"{\" :=\"\"><div data-original-attrs=\"{\" :=\"\"><div data-original-attrs=\"{\" :=\"\"><ul><li><span>Fomentar la calidad de vida de la poblaci\u00f3n en general y la infantil en particular, haciendo hincapi\u00e9 en la prevenci\u00f3n y lucha contra el sobrepeso y la obesidad.<br \/><\/span>\u00a0\u00a0<\/li><li><span>Ser una Instituci\u00f3n Cultural y de Ense\u00f1anza, que entre sus finalidades principales, est\u00e9 la de difundir el conocimiento en calidad de vida, buscamos que las personas se formen en relaci\u00f3n a la salud y la calidad de vida y se superen en general.<br \/>\u00a0\u00a0 <\/span><\/li><li><span>Impulsar la concreci\u00f3n de leyes y mecanismos para alcanzar nuestros objetivos por medio de los diferentes actores sociales, tanto del estado, como privados.<br \/>\u00a0\u00a0<\/span><\/li><li><span>Representar los intereses, ejecutar y\/o propiciar el apoyo a las personas con sobrepeso u obesidad en estado de desventaja en la sociedad: con discapacidad, en la tercera edad, personas que se sientan discriminadas. Incluyendo a la poblaci\u00f3n con enfermedades raras vinculadas con la obesidad y que tengan a esta como foco o consecuencia. Alcanzando a su familia cercana si fuera necesario.<br \/>\u00a0\u00a0<\/span><\/li><li><span>Creaci\u00f3n de un Observatorio de Datos, que sirva de base de consulta en coordinaci\u00f3n con organismos nacionales e internacionales.<br \/>\u00a0\u00a0<\/span><\/li><li><span>Promover, acompa\u00f1ar y asociarse para realizar acciones comunes con otras Instituciones con similares objetivos sin que su accionar signifique adherirse a creencias religiosas y\/o pol\u00edticas. Realizar convenios con otras organizaciones (p\u00fablicas, privadas, nacionales y\/o internacionales) para alcanzar el mejor logro de nuestros objetivos.<\/span><\/li><\/ul><\/div><\/div><\/div>\t\t\t\t\t\t\t\t<\/div>\n\t\t\t\t<\/div>\n\t\t\t\t\t<\/div>\n\t\t<\/div>\n\t\t\t\t\t<\/div>\n\t\t<\/section>\n\t\t\t\t<\/div>\n\t\t","protected":false},"excerpt":{"rendered":"<p>Objeto social Fomentar la calidad de vida de la poblaci\u00f3n en general y la infantil en particular, haciendo hincapi\u00e9 en la prevenci\u00f3n y lucha contra el sobrepeso y la obesidad.\u00a0\u00a0 Ser una Instituci\u00f3n Cultural y de Ense\u00f1anza, que entre sus finalidades principales, est\u00e9 la de difundir el conocimiento en calidad [&hellip;]<\/p>\n","protected":false},"author":1,"featured_media":0,"parent":0,"menu_order":0,"comment_status":"closed","ping_status":"closed","template":"","meta":{"footnotes":""},"class_list":["post-2720","page","type-page","status-publish","hentry"],"_links":{"self":[{"href":"https:\/\/contrapesouruguay.org\/index.php\/wp-json\/wp\/v2\/pages\/2720","targetHints":{"allow":["GET"]}}],"collection":[{"href":"https:\/\/contrapesouruguay.org\/index.php\/wp-json\/wp\/v2\/pages"}],"about":[{"href":"https:\/\/contrapesouruguay.org\/index.php\/wp-json\/wp\/v2\/types\/page"}],"author":[{"embeddable":true,"href":"https:\/\/contrapesouruguay.org\/index.php\/wp-json\/wp\/v2\/users\/1"}],"replies":[{"embeddable":true,"href":"https:\/\/contrapesouruguay.org\/index.php\/wp-json\/wp\/v2\/comments?post=2720"}],"version-history":[{"count":7,"href":"https:\/\/contrapesouruguay.org\/index.php\/wp-json\/wp\/v2\/pages\/2720\/revisions"}],"predecessor-version":[{"id":2727,"href":"https:\/\/contrapesouruguay.org\/index.php\/wp-json\/wp\/v2\/pages\/2720\/revisions\/2727"}],"wp:attachment":[{"href":"https:\/\/contrapesouruguay.org\/index.php\/wp-json\/wp\/v2\/media?parent=2720"}],"curies":[{"name":"wp","href":"https:\/\/api.w.org\/{rel}","templated":true}]}}