{"id":2730,"date":"2021-09-09T19:27:16","date_gmt":"2021-09-09T19:27:16","guid":{"rendered":"https:\/\/contrapesouruguay.org\/?page_id=2730"},"modified":"2021-09-15T18:10:13","modified_gmt":"2021-09-15T21:10:13","slug":"situacion-legal","status":"publish","type":"page","link":"https:\/\/contrapesouruguay.org\/index.php\/situacion-legal\/","title":{"rendered":"Situaci\u00f3n legal"},"content":{"rendered":"\t\t<div data-elementor-type=\"wp-page\" data-elementor-id=\"2730\" class=\"elementor elementor-2730\">\n\t\t\t\t\t\t<section class=\"elementor-section elementor-top-section elementor-element elementor-element-0daeed6 elementor-section-boxed elementor-section-height-default elementor-section-height-default\" data-id=\"0daeed6\" data-element_type=\"section\" data-e-type=\"section\">\n\t\t\t\t\t\t<div class=\"elementor-container elementor-column-gap-default\">\n\t\t\t\t\t<div class=\"elementor-column elementor-col-100 elementor-top-column elementor-element elementor-element-e5cab39\" data-id=\"e5cab39\" data-element_type=\"column\" data-e-type=\"column\">\n\t\t\t<div class=\"elementor-widget-wrap elementor-element-populated\">\n\t\t\t\t\t\t<div class=\"elementor-element elementor-element-eda5520 elementor-widget elementor-widget-image\" data-id=\"eda5520\" data-element_type=\"widget\" data-e-type=\"widget\" data-widget_type=\"image.default\">\n\t\t\t\t<div class=\"elementor-widget-container\">\n\t\t\t\t\t\t\t\t\t\t\t\t\t\t\t<img fetchpriority=\"high\" decoding=\"async\" width=\"300\" height=\"285\" src=\"https:\/\/contrapesouruguay.org\/wp-content\/uploads\/2021\/09\/bps-y-dgi-300x285.jpg\" class=\"attachment-medium size-medium wp-image-2732\" alt=\"\" srcset=\"https:\/\/contrapesouruguay.org\/wp-content\/uploads\/2021\/09\/bps-y-dgi-300x285.jpg 300w, https:\/\/contrapesouruguay.org\/wp-content\/uploads\/2021\/09\/bps-y-dgi.jpg 484w\" sizes=\"(max-width: 300px) 100vw, 300px\" \/>\t\t\t\t\t\t\t\t\t\t\t\t\t\t\t<\/div>\n\t\t\t\t<\/div>\n\t\t\t\t\t<\/div>\n\t\t<\/div>\n\t\t\t\t\t<\/div>\n\t\t<\/section>\n\t\t\t\t<section class=\"elementor-section elementor-top-section elementor-element elementor-element-560c67f elementor-section-boxed elementor-section-height-default elementor-section-height-default\" data-id=\"560c67f\" data-element_type=\"section\" data-e-type=\"section\">\n\t\t\t\t\t\t<div class=\"elementor-container elementor-column-gap-default\">\n\t\t\t\t\t<div class=\"elementor-column elementor-col-100 elementor-top-column elementor-element elementor-element-51d86d8\" data-id=\"51d86d8\" data-element_type=\"column\" data-e-type=\"column\">\n\t\t\t<div class=\"elementor-widget-wrap elementor-element-populated\">\n\t\t\t\t\t\t<div class=\"elementor-element elementor-element-ef2a00f elementor-widget elementor-widget-heading\" data-id=\"ef2a00f\" data-element_type=\"widget\" data-e-type=\"widget\" data-widget_type=\"heading.default\">\n\t\t\t\t<div class=\"elementor-widget-container\">\n\t\t\t\t\t<h4 class=\"elementor-heading-title elementor-size-default\">ContraPESO Uruguay<\/h4>\t\t\t\t<\/div>\n\t\t\t\t<\/div>\n\t\t\t\t<div class=\"elementor-element elementor-element-4dcaca9 elementor-widget elementor-widget-text-editor\" data-id=\"4dcaca9\" data-element_type=\"widget\" data-e-type=\"widget\" data-widget_type=\"text-editor.default\">\n\t\t\t\t<div class=\"elementor-widget-container\">\n\t\t\t\t\t\t\t\t\t<p><strong>Contamos con cuentas o estamos legalmente registrados en:<br \/>\u00a0\u00a0<\/strong><\/p><ul><li><strong>Personer\u00eda Jur\u00eddica<\/strong> y <strong>estatutos<\/strong> <strong>reconocidos<\/strong> por el <strong>Ministerio de Educaci\u00f3n y Cultura<\/strong> (MEC).\u00a0\u00a0<br \/>\u00a0\u00a0<\/li><li>Registrados ante <strong>DGI <\/strong><strong>RUT:<\/strong> 080283840011\u00a0\u00a0\u00a0<br \/>\u00a0\u00a0<\/li><li>Registrados ante <strong>BPS<\/strong>: 7554276\u00a0 \u00a0\u00a0<br \/>\u00a0\u00a0<\/li><li>Cuenta <strong>BROU<\/strong>: 110346889-00001 Caja Ahorro Pesos\u00a0\u00a0<br \/>\u00a0 \u00a0<\/li><li>Estamos registrados como<strong> Beneficiarios del Gobierno Central\u00a0<\/strong><\/li><\/ul>\t\t\t\t\t\t\t\t<\/div>\n\t\t\t\t<\/div>\n\t\t\t\t\t<\/div>\n\t\t<\/div>\n\t\t\t\t\t<\/div>\n\t\t<\/section>\n\t\t\t\t<\/div>\n\t\t","protected":false},"excerpt":{"rendered":"<p>ContraPESO Uruguay Contamos con cuentas o estamos legalmente registrados en:\u00a0\u00a0 Personer\u00eda Jur\u00eddica y estatutos reconocidos por el Ministerio de Educaci\u00f3n y Cultura (MEC).\u00a0\u00a0\u00a0\u00a0 Registrados ante DGI RUT: 080283840011\u00a0\u00a0\u00a0\u00a0\u00a0 Registrados ante BPS: 7554276\u00a0 \u00a0\u00a0\u00a0\u00a0 Cuenta BROU: 110346889-00001 Caja Ahorro Pesos\u00a0\u00a0\u00a0 \u00a0 Estamos registrados como Beneficiarios del Gobierno Central\u00a0<\/p>\n","protected":false},"author":1,"featured_media":0,"parent":0,"menu_order":0,"comment_status":"closed","ping_status":"closed","template":"","meta":{"footnotes":""},"class_list":["post-2730","page","type-page","status-publish","hentry"],"_links":{"self":[{"href":"https:\/\/contrapesouruguay.org\/index.php\/wp-json\/wp\/v2\/pages\/2730","targetHints":{"allow":["GET"]}}],"collection":[{"href":"https:\/\/contrapesouruguay.org\/index.php\/wp-json\/wp\/v2\/pages"}],"about":[{"href":"https:\/\/contrapesouruguay.org\/index.php\/wp-json\/wp\/v2\/types\/page"}],"author":[{"embeddable":true,"href":"https:\/\/contrapesouruguay.org\/index.php\/wp-json\/wp\/v2\/users\/1"}],"replies":[{"embeddable":true,"href":"https:\/\/contrapesouruguay.org\/index.php\/wp-json\/wp\/v2\/comments?post=2730"}],"version-history":[{"count":19,"href":"https:\/\/contrapesouruguay.org\/index.php\/wp-json\/wp\/v2\/pages\/2730\/revisions"}],"predecessor-version":[{"id":2766,"href":"https:\/\/contrapesouruguay.org\/index.php\/wp-json\/wp\/v2\/pages\/2730\/revisions\/2766"}],"wp:attachment":[{"href":"https:\/\/contrapesouruguay.org\/index.php\/wp-json\/wp\/v2\/media?parent=2730"}],"curies":[{"name":"wp","href":"https:\/\/api.w.org\/{rel}","templated":true}]}}